{"id":25,"date":"2023-07-28T23:30:50","date_gmt":"2023-07-28T23:30:50","guid":{"rendered":"https:\/\/greenaqua.cl\/?page_id=25"},"modified":"2025-06-19T21:39:33","modified_gmt":"2025-06-19T21:39:33","slug":"aquasim","status":"publish","type":"page","link":"https:\/\/greenaqua.cl\/en\/aquasim\/","title":{"rendered":"Aquasim"},"content":{"rendered":"<div data-elementor-type=\"wp-page\" data-elementor-id=\"25\" class=\"elementor elementor-25\" data-elementor-post-type=\"page\">\n\t\t\t\t<div class=\"elementor-element elementor-element-5010c5e e-flex e-con-boxed e-con e-parent\" data-id=\"5010c5e\" data-element_type=\"container\" data-settings=\"{&quot;background_background&quot;:&quot;classic&quot;,&quot;shape_divider_bottom&quot;:&quot;waves&quot;}\">\n\t\t\t\t\t<div class=\"e-con-inner\">\n\t\t\t\t<div class=\"elementor-shape elementor-shape-bottom\" data-negative=\"false\">\n\t\t\t<svg xmlns=\"http:\/\/www.w3.org\/2000\/svg\" viewbox=\"0 0 1000 100\" preserveaspectratio=\"none\">\n\t<path class=\"elementor-shape-fill\" d=\"M421.9,6.5c22.6-2.5,51.5,0.4,75.5,5.3c23.6,4.9,70.9,23.5,100.5,35.7c75.8,32.2,133.7,44.5,192.6,49.7\tc23.6,2.1,48.7,3.5,103.4-2.5c54.7-6,106.2-25.6,106.2-25.6V0H0v30.3c0,0,72,32.6,158.4,30.5c39.2-0.7,92.8-6.7,134-22.4\tc21.2-8.1,52.2-18.2,79.7-24.2C399.3,7.9,411.6,7.5,421.9,6.5z\"\/>\n<\/svg>\t\t<\/div>\n\t\t\t\t<div class=\"elementor-element elementor-element-c87e575 elementor-widget elementor-widget-heading\" data-id=\"c87e575\" data-element_type=\"widget\" data-widget_type=\"heading.default\">\n\t\t\t\t<div class=\"elementor-widget-container\">\n\t\t\t<style>\/*! elementor - v3.21.0 - 26-05-2024 *\/\n.elementor-heading-title{padding:0;margin:0;line-height:1}.elementor-widget-heading .elementor-heading-title[class*=elementor-size-]>a{color:inherit;font-size:inherit;line-height:inherit}.elementor-widget-heading .elementor-heading-title.elementor-size-small{font-size:15px}.elementor-widget-heading .elementor-heading-title.elementor-size-medium{font-size:19px}.elementor-widget-heading .elementor-heading-title.elementor-size-large{font-size:29px}.elementor-widget-heading .elementor-heading-title.elementor-size-xl{font-size:39px}.elementor-widget-heading .elementor-heading-title.elementor-size-xxl{font-size:59px}<\/style><h1 class=\"elementor-heading-title elementor-size-default\">AquaSim<\/h1>\t\t<\/div>\n\t\t\t\t<\/div>\n\t\t<div class=\"elementor-element elementor-element-b166f55 e-flex e-con-boxed e-con e-child\" data-id=\"b166f55\" data-element_type=\"container\">\n\t\t\t\t\t<div class=\"e-con-inner\">\n\t\t<div class=\"elementor-element elementor-element-2361eeb e-con-full e-flex e-con e-child\" data-id=\"2361eeb\" data-element_type=\"container\">\n\t\t\t\t<div class=\"elementor-element elementor-element-cec8168 elementor-widget elementor-widget-image\" data-id=\"cec8168\" data-element_type=\"widget\" data-widget_type=\"image.default\">\n\t\t\t\t<div class=\"elementor-widget-container\">\n\t\t\t<style>\/*! elementor - v3.21.0 - 26-05-2024 *\/\n.elementor-widget-image{text-align:center}.elementor-widget-image a{display:inline-block}.elementor-widget-image a img[src$=\".svg\"]{width:48px}.elementor-widget-image img{vertical-align:middle;display:inline-block}<\/style>\t\t\t\t\t\t\t\t\t\t<img fetchpriority=\"high\" decoding=\"async\" width=\"803\" height=\"589\" src=\"https:\/\/greenaqua.cl\/wp-content\/uploads\/2023\/08\/aquasim.jpg\" class=\"attachment-full size-full wp-image-676\" alt=\"\" srcset=\"https:\/\/greenaqua.cl\/wp-content\/uploads\/2023\/08\/aquasim.jpg 803w, https:\/\/greenaqua.cl\/wp-content\/uploads\/2023\/08\/aquasim-300x220.jpg 300w, https:\/\/greenaqua.cl\/wp-content\/uploads\/2023\/08\/aquasim-768x563.jpg 768w\" sizes=\"(max-width: 803px) 100vw, 803px\" \/>\t\t\t\t\t\t\t\t\t\t\t\t\t<\/div>\n\t\t\t\t<\/div>\n\t\t\t\t<\/div>\n\t\t<div class=\"elementor-element elementor-element-dd0d96b e-con-full e-flex e-con e-child\" data-id=\"dd0d96b\" data-element_type=\"container\">\n\t\t\t\t<div class=\"elementor-element elementor-element-e87796c elementor-widget elementor-widget-text-editor\" data-id=\"e87796c\" data-element_type=\"widget\" data-widget_type=\"text-editor.default\">\n\t\t\t\t<div class=\"elementor-widget-container\">\n\t\t\t<style>\/*! elementor - v3.21.0 - 26-05-2024 *\/\n.elementor-widget-text-editor.elementor-drop-cap-view-stacked .elementor-drop-cap{background-color:#69727d;color:#fff}.elementor-widget-text-editor.elementor-drop-cap-view-framed .elementor-drop-cap{color:#69727d;border:3px solid;background-color:transparent}.elementor-widget-text-editor:not(.elementor-drop-cap-view-default) .elementor-drop-cap{margin-top:8px}.elementor-widget-text-editor:not(.elementor-drop-cap-view-default) .elementor-drop-cap-letter{width:1em;height:1em}.elementor-widget-text-editor .elementor-drop-cap{float:left;text-align:center;line-height:1;font-size:50px}.elementor-widget-text-editor .elementor-drop-cap-letter{display:inline-block}<\/style>\t\t\t\t<p><b>AquaSim<\/b><span style=\"font-weight: 400;\">, software noruego desarrollado por Aquastructures SA, es una herramienta de vanguardia para an\u00e1lisis estructural, <strong>l\u00edder global en la ingenier\u00eda de fondeo para la salmonicultura<\/strong>.<\/span><\/p><p><span style=\"font-weight: 400;\"> Es un motor de simulaci\u00f3n basado en el <\/span><b>M\u00e9todo de Elementos Finitos (FEM)<\/b><span style=\"font-weight: 400;\">, dise\u00f1ado para dar una visi\u00f3n profunda de las estructuras r\u00edgidas y flexibles ante cargas ambientales cr\u00edticas como el viento, las corrientes y el oleaje. Con \u00e9l, podr\u00e1s analizar detalladamente <\/span><b>desplazamientos, deformaciones, fuerzas, tensiones y mucho m\u00e1s<\/b><span style=\"font-weight: 400;\">.<\/span><\/p><p><span style=\"font-weight: 400;\">La potencia y versatilidad de <\/span><b>AquaSim<\/b><span style=\"font-weight: 400;\"> van m\u00e1s all\u00e1 de un solo sector. Permite abordar un amplio espectro de aplicaciones: desde la evaluaci\u00f3n de la estabilidad de <\/span><b>puentes,<\/b><span style=\"font-weight: 400;\">\u00a0la integridad de <\/span><b>l\u00edneas de transmisi\u00f3n de energ\u00eda<\/b><span style=\"font-weight: 400;\">, hasta el an\u00e1lisis de <\/span><b>edificaciones<\/b><span style=\"font-weight: 400;\"> y cualquier sistema expuesto a la fuerza del agua o el viento.<\/span><\/p><p><span style=\"font-weight: 400;\">Su capacidad para<strong> modelar con precisi\u00f3n<\/strong> las interacciones en sistemas acoplados lo convierte en una herramienta s\u00f3lida y efectiva para diversos desaf\u00edos de ingenier\u00eda. <strong>Convierte<\/strong><\/span><span style=\"font-weight: 400;\"><strong> la incertidumbre en conocimiento<\/strong> y eleva sus proyectos a un est\u00e1ndar de precisi\u00f3n inigualable. \u00bfEst\u00e1s listo para optimizar tus dise\u00f1os y asegurar la resiliencia de sus estructuras?<\/span><\/p>\t\t\t\t\t\t<\/div>\n\t\t\t\t<\/div>\n\t\t\t\t<div class=\"elementor-element elementor-element-766a86c elementor-widget elementor-widget-heading\" data-id=\"766a86c\" data-element_type=\"widget\" data-widget_type=\"heading.default\">\n\t\t\t\t<div class=\"elementor-widget-container\">\n\t\t\t<p class=\"elementor-heading-title elementor-size-default\">MORE ABOUT AQUASIM<\/p>\t\t<\/div>\n\t\t\t\t<\/div>\n\t\t\t\t<div class=\"elementor-element elementor-element-1b4c680 elementor-widget__width-auto elementor-widget elementor-widget-image\" data-id=\"1b4c680\" data-element_type=\"widget\" data-widget_type=\"image.default\">\n\t\t\t\t<div class=\"elementor-widget-container\">\n\t\t\t\t\t\t\t\t\t\t\t\t\t\t<a href=\"https:\/\/aquasim.no\/\" target=\"_blank\">\n\t\t\t\t\t\t\t<img decoding=\"async\" width=\"310\" height=\"56\" src=\"https:\/\/greenaqua.cl\/wp-content\/uploads\/2023\/08\/aquasim-logo-1.png\" class=\"elementor-animation-float attachment-large size-large wp-image-409\" alt=\"\" srcset=\"https:\/\/greenaqua.cl\/wp-content\/uploads\/2023\/08\/aquasim-logo-1.png 310w, https:\/\/greenaqua.cl\/wp-content\/uploads\/2023\/08\/aquasim-logo-1-300x54.png 300w\" sizes=\"(max-width: 310px) 100vw, 310px\" \/>\t\t\t\t\t\t\t\t<\/a>\n\t\t\t\t\t\t\t\t\t\t\t\t\t<\/div>\n\t\t\t\t<\/div>\n\t\t\t\t<div class=\"elementor-element elementor-element-be0e0cd elementor-widget elementor-widget-spacer\" data-id=\"be0e0cd\" data-element_type=\"widget\" data-widget_type=\"spacer.default\">\n\t\t\t\t<div class=\"elementor-widget-container\">\n\t\t\t<style>\/*! elementor - v3.21.0 - 26-05-2024 *\/\n.elementor-column .elementor-spacer-inner{height:var(--spacer-size)}.e-con{--container-widget-width:100%}.e-con-inner>.elementor-widget-spacer,.e-con>.elementor-widget-spacer{width:var(--container-widget-width,var(--spacer-size));--align-self:var(--container-widget-align-self,initial);--flex-shrink:0}.e-con-inner>.elementor-widget-spacer>.elementor-widget-container,.e-con>.elementor-widget-spacer>.elementor-widget-container{height:100%;width:100%}.e-con-inner>.elementor-widget-spacer>.elementor-widget-container>.elementor-spacer,.e-con>.elementor-widget-spacer>.elementor-widget-container>.elementor-spacer{height:100%}.e-con-inner>.elementor-widget-spacer>.elementor-widget-container>.elementor-spacer>.elementor-spacer-inner,.e-con>.elementor-widget-spacer>.elementor-widget-container>.elementor-spacer>.elementor-spacer-inner{height:var(--container-widget-height,var(--spacer-size))}.e-con-inner>.elementor-widget-spacer.elementor-widget-empty,.e-con>.elementor-widget-spacer.elementor-widget-empty{position:relative;min-height:22px;min-width:22px}.e-con-inner>.elementor-widget-spacer.elementor-widget-empty .elementor-widget-empty-icon,.e-con>.elementor-widget-spacer.elementor-widget-empty .elementor-widget-empty-icon{position:absolute;top:0;bottom:0;left:0;right:0;margin:auto;padding:0;width:22px;height:22px}<\/style>\t\t<div class=\"elementor-spacer\">\n\t\t\t<div class=\"elementor-spacer-inner\"><\/div>\n\t\t<\/div>\n\t\t\t\t<\/div>\n\t\t\t\t<\/div>\n\t\t\t\t<div class=\"elementor-element elementor-element-fed88d8 elementor-widget elementor-widget-heading\" data-id=\"fed88d8\" data-element_type=\"widget\" data-widget_type=\"heading.default\">\n\t\t\t\t<div class=\"elementor-widget-container\">\n\t\t\t<p class=\"elementor-heading-title elementor-size-default\">ENV\u00cdANOS TUS DUDAS<\/p>\t\t<\/div>\n\t\t\t\t<\/div>\n\t\t\t\t<div class=\"elementor-element elementor-element-5c05fcc elementor-widget elementor-widget-button\" data-id=\"5c05fcc\" data-element_type=\"widget\" data-widget_type=\"button.default\">\n\t\t\t\t<div class=\"elementor-widget-container\">\n\t\t\t\t\t<div class=\"elementor-button-wrapper\">\n\t\t\t<a class=\"elementor-button elementor-button-link elementor-size-sm\" href=\"https:\/\/greenaqua.cl\/en\/contacto\/\">\n\t\t\t\t\t\t<span class=\"elementor-button-content-wrapper\">\n\t\t\t\t\t\t\t\t\t<span class=\"elementor-button-text\">CONTACT US HERE<\/span>\n\t\t\t\t\t<\/span>\n\t\t\t\t\t<\/a>\n\t\t<\/div>\n\t\t\t\t<\/div>\n\t\t\t\t<\/div>\n\t\t\t\t<\/div>\n\t\t\t\t\t<\/div>\n\t\t\t\t<\/div>\n\t\t\t\t\t<\/div>\n\t\t\t\t<\/div>\n\t\t\t\t<\/div>","protected":false},"excerpt":{"rendered":"<p>AquaSim AquaSim, software noruego desarrollado por Aquastructures SA, es una herramienta de vanguardia para an\u00e1lisis estructural, l\u00edder global en la ingenier\u00eda de fondeo para la salmonicultura. Es un motor de simulaci\u00f3n basado en el M\u00e9todo de Elementos Finitos (FEM), dise\u00f1ado para dar una visi\u00f3n profunda de las estructuras r\u00edgidas y flexibles ante cargas ambientales cr\u00edticas [&hellip;]<\/p>","protected":false},"author":1,"featured_media":0,"parent":0,"menu_order":0,"comment_status":"closed","ping_status":"closed","template":"","meta":{"footnotes":""},"class_list":["post-25","page","type-page","status-publish","hentry"],"_links":{"self":[{"href":"https:\/\/greenaqua.cl\/en\/wp-json\/wp\/v2\/pages\/25","targetHints":{"allow":["GET"]}}],"collection":[{"href":"https:\/\/greenaqua.cl\/en\/wp-json\/wp\/v2\/pages"}],"about":[{"href":"https:\/\/greenaqua.cl\/en\/wp-json\/wp\/v2\/types\/page"}],"author":[{"embeddable":true,"href":"https:\/\/greenaqua.cl\/en\/wp-json\/wp\/v2\/users\/1"}],"replies":[{"embeddable":true,"href":"https:\/\/greenaqua.cl\/en\/wp-json\/wp\/v2\/comments?post=25"}],"version-history":[{"count":55,"href":"https:\/\/greenaqua.cl\/en\/wp-json\/wp\/v2\/pages\/25\/revisions"}],"predecessor-version":[{"id":1010,"href":"https:\/\/greenaqua.cl\/en\/wp-json\/wp\/v2\/pages\/25\/revisions\/1010"}],"wp:attachment":[{"href":"https:\/\/greenaqua.cl\/en\/wp-json\/wp\/v2\/media?parent=25"}],"curies":[{"name":"wp","href":"https:\/\/api.w.org\/{rel}","templated":true}]}}